{"id":24,"date":"2026-03-25T14:11:00","date_gmt":"2026-03-25T13:11:00","guid":{"rendered":"https:\/\/blog10.csmac-ngo.org\/?page_id=24"},"modified":"2026-03-25T15:41:06","modified_gmt":"2026-03-25T14:41:06","slug":"nous-rejoindre","status":"publish","type":"page","link":"https:\/\/blog10.csmac-ngo.org\/?page_id=24","title":{"rendered":"Nous rejoindre"},"content":{"rendered":"\n<h2 class=\"wp-block-heading\">Restez inform\u00e9s de nos \u00e9v\u00e9nements<\/h2>\n\n\n<div class=\"forminator-ui forminator-custom-form forminator-custom-form-66 forminator-design--default  forminator_ajax\" data-forminator-render=\"0\" data-form=\"forminator-module-66\" data-uid=\"69e37cc3d4d65\"><br\/><\/div><form\n\t\t\t\tid=\"forminator-module-66\"\n\t\t\t\tclass=\"forminator-ui forminator-custom-form forminator-custom-form-66 forminator-design--default  forminator_ajax\"\n\t\t\t\tmethod=\"post\"\n\t\t\t\tdata-forminator-render=\"0\"\n\t\t\t\tdata-form-id=\"66\"\n\t\t\t\t data-color-option=\"theme\" data-design=\"default\" data-grid=\"open\" style=\"display: none;\"\n\t\t\t\tdata-uid=\"69e37cc3d4d65\"\n\t\t\t><div role=\"alert\" aria-live=\"polite\" class=\"forminator-response-message forminator-error\" aria-hidden=\"true\"><\/div><div class=\"forminator-row\"><div id=\"name-1\" class=\"forminator-field-name forminator-col forminator-col-12 \"><div class=\"forminator-field\"><label for=\"forminator-field-name-1_69e37cc3d4d65\" id=\"forminator-field-name-1_69e37cc3d4d65-label\" class=\"forminator-label\">Pr\u00e9nom <span class=\"forminator-required\">*<\/span><\/label><input type=\"text\" name=\"name-1\" value=\"\" placeholder=\"\" id=\"forminator-field-name-1_69e37cc3d4d65\" class=\"forminator-input forminator-name--field\" aria-required=\"true\" autocomplete=\"name\" \/><\/div><\/div><\/div><div class=\"forminator-row\"><div id=\"email-1\" class=\"forminator-field-email forminator-col forminator-col-12 \"><div class=\"forminator-field\"><label for=\"forminator-field-email-1_69e37cc3d4d65\" id=\"forminator-field-email-1_69e37cc3d4d65-label\" class=\"forminator-label\">Adresse de messagerie <span class=\"forminator-required\">*<\/span><\/label><input type=\"email\" name=\"email-1\" value=\"\" placeholder=\"\" id=\"forminator-field-email-1_69e37cc3d4d65\" class=\"forminator-input forminator-email--field\" data-required=\"true\" aria-required=\"true\" autocomplete=\"email\" \/><\/div><\/div><\/div><div class=\"forminator-row\"><div id=\"consent-1\" class=\"forminator-field-consent forminator-col forminator-col-12 \"><div class=\"forminator-field\"><label for=\"forminator-field-consent-1_69e37cc3d4d65\" id=\"forminator-field-consent-1_69e37cc3d4d65-label\" class=\"forminator-label\">Consent <span class=\"forminator-required\">*<\/span><\/label><div class=\"forminator-checkbox__wrapper\"><label id=\"forminator-field-consent-1_69e37cc3d4d65__label\" class=\"forminator-checkbox forminator-consent\" aria-labelledby=\"forminator-field-consent-1_69e37cc3d4d65-label\"><input type=\"checkbox\" name=\"consent-1\" id=\"forminator-field-consent-1_69e37cc3d4d65\" value=\"checked\" aria-labelledby=\"forminator-field-consent-1_69e37cc3d4d65-label\" aria-describedby=\"forminator-field-consent-1_69e37cc3d4d65__description\" data-required=\"true\" aria-required=\"true\" \/><span class=\"forminator-checkbox-box\" aria-hidden=\"true\"><\/span><\/label><div id=\"forminator-field-consent-1_69e37cc3d4d65__description\" class=\"forminator-checkbox__label forminator-consent__label\"><p>Yes, I agree with the <a rel=\"noopener\" target=\"_blank\" href=\"#\">privacy policy<\/a> and <a rel=\"noopener\" target=\"_blank\" href=\"#\">terms and conditions<\/a>.*<\/p>\n<p>La finalit\u00e9 de la collecte, l'identit\u00e9 du responsable de traitement et le droit de d\u00e9sinscription \u00e0 tout moment.<\/p><\/div><\/div><\/div><\/div><\/div><input type=\"hidden\" name=\"referer_url\" value=\"\" \/><div class=\"forminator-row forminator-row-last\"><div class=\"forminator-col\"><div class=\"forminator-field\"><button class=\"forminator-button forminator-button-submit\">S&rsquo;abonner<\/button><\/div><\/div><\/div><input type=\"hidden\" id=\"forminator_nonce\" name=\"forminator_nonce\" value=\"73503d132c\" \/><input type=\"hidden\" name=\"_wp_http_referer\" value=\"\/index.php?rest_route=%2Fwp%2Fv2%2Fpages%2F24\" \/><input type=\"hidden\" name=\"form_id\" value=\"66\"><input type=\"hidden\" name=\"page_id\" value=\"24\"><input type=\"hidden\" name=\"form_type\" value=\"default\"><input type=\"hidden\" name=\"current_url\" value=\"https:\/\/blog10.csmac-ngo.org\/?page_id=24\"><input type=\"hidden\" name=\"render_id\" value=\"0\"><input type=\"hidden\" name=\"action\" value=\"forminator_submit_form_custom-forms\"><\/form>\n","protected":false},"excerpt":{"rendered":"<p>Restez inform\u00e9s de nos \u00e9v\u00e9nements<\/p>\n","protected":false},"author":1,"featured_media":0,"parent":0,"menu_order":0,"comment_status":"closed","ping_status":"closed","template":"","meta":{"_uag_custom_page_level_css":"","site-sidebar-layout":"default","site-content-layout":"","ast-site-content-layout":"default","site-content-style":"default","site-sidebar-style":"default","ast-global-header-display":"","ast-banner-title-visibility":"","ast-main-header-display":"","ast-hfb-above-header-display":"","ast-hfb-below-header-display":"","ast-hfb-mobile-header-display":"","site-post-title":"","ast-breadcrumbs-content":"","ast-featured-img":"","footer-sml-layout":"","ast-disable-related-posts":"","theme-transparent-header-meta":"","adv-header-id-meta":"","stick-header-meta":"","header-above-stick-meta":"","header-main-stick-meta":"","header-below-stick-meta":"","astra-migrate-meta-layouts":"default","ast-page-background-enabled":"default","ast-page-background-meta":{"desktop":{"background-color":"var(--ast-global-color-5)","background-image":"","background-repeat":"repeat","background-position":"center center","background-size":"auto","background-attachment":"scroll","background-type":"","background-media":"","overlay-type":"","overlay-color":"","overlay-opacity":"","overlay-gradient":""},"tablet":{"background-color":"","background-image":"","background-repeat":"repeat","background-position":"center center","background-size":"auto","background-attachment":"scroll","background-type":"","background-media":"","overlay-type":"","overlay-color":"","overlay-opacity":"","overlay-gradient":""},"mobile":{"background-color":"","background-image":"","background-repeat":"repeat","background-position":"center center","background-size":"auto","background-attachment":"scroll","background-type":"","background-media":"","overlay-type":"","overlay-color":"","overlay-opacity":"","overlay-gradient":""}},"ast-content-background-meta":{"desktop":{"background-color":"var(--ast-global-color-4)","background-image":"","background-repeat":"repeat","background-position":"center center","background-size":"auto","background-attachment":"scroll","background-type":"","background-media":"","overlay-type":"","overlay-color":"","overlay-opacity":"","overlay-gradient":""},"tablet":{"background-color":"var(--ast-global-color-4)","background-image":"","background-repeat":"repeat","background-position":"center center","background-size":"auto","background-attachment":"scroll","background-type":"","background-media":"","overlay-type":"","overlay-color":"","overlay-opacity":"","overlay-gradient":""},"mobile":{"background-color":"var(--ast-global-color-4)","background-image":"","background-repeat":"repeat","background-position":"center center","background-size":"auto","background-attachment":"scroll","background-type":"","background-media":"","overlay-type":"","overlay-color":"","overlay-opacity":"","overlay-gradient":""}},"footnotes":""},"class_list":["post-24","page","type-page","status-publish","hentry"],"yoast_head":"<!-- This site is optimized with the Yoast SEO plugin v26.8 - https:\/\/yoast.com\/product\/yoast-seo-wordpress\/ -->\n<title>Nous rejoindre - V\u00e9lo &amp; Territoire<\/title>\n<meta name=\"robots\" content=\"index, follow, max-snippet:-1, max-image-preview:large, max-video-preview:-1\" \/>\n<link rel=\"canonical\" href=\"https:\/\/blog10.csmac-ngo.org\/?page_id=24\" \/>\n<meta property=\"og:locale\" content=\"fr_FR\" \/>\n<meta property=\"og:type\" content=\"article\" \/>\n<meta property=\"og:title\" content=\"Nous rejoindre - V\u00e9lo &amp; Territoire\" \/>\n<meta property=\"og:description\" content=\"Restez inform\u00e9s de nos \u00e9v\u00e9nements\" \/>\n<meta property=\"og:url\" content=\"https:\/\/blog10.csmac-ngo.org\/?page_id=24\" \/>\n<meta property=\"og:site_name\" content=\"V\u00e9lo &amp; Territoire\" \/>\n<meta property=\"article:modified_time\" content=\"2026-03-25T14:41:06+00:00\" \/>\n<meta name=\"twitter:card\" content=\"summary_large_image\" \/>\n<meta name=\"twitter:label1\" content=\"Dur\u00e9e de lecture estim\u00e9e\" \/>\n\t<meta name=\"twitter:data1\" content=\"1 minute\" \/>\n<script type=\"application\/ld+json\" class=\"yoast-schema-graph\">{\"@context\":\"https:\/\/schema.org\",\"@graph\":[{\"@type\":\"WebPage\",\"@id\":\"https:\/\/blog10.csmac-ngo.org\/?page_id=24\",\"url\":\"https:\/\/blog10.csmac-ngo.org\/?page_id=24\",\"name\":\"Nous rejoindre - V\u00e9lo &amp; Territoire\",\"isPartOf\":{\"@id\":\"https:\/\/blog10.csmac-ngo.org\/#website\"},\"datePublished\":\"2026-03-25T13:11:00+00:00\",\"dateModified\":\"2026-03-25T14:41:06+00:00\",\"breadcrumb\":{\"@id\":\"https:\/\/blog10.csmac-ngo.org\/?page_id=24#breadcrumb\"},\"inLanguage\":\"fr-FR\",\"potentialAction\":[{\"@type\":\"ReadAction\",\"target\":[\"https:\/\/blog10.csmac-ngo.org\/?page_id=24\"]}]},{\"@type\":\"BreadcrumbList\",\"@id\":\"https:\/\/blog10.csmac-ngo.org\/?page_id=24#breadcrumb\",\"itemListElement\":[{\"@type\":\"ListItem\",\"position\":1,\"name\":\"Accueil\",\"item\":\"https:\/\/blog10.csmac-ngo.org\/\"},{\"@type\":\"ListItem\",\"position\":2,\"name\":\"Nous rejoindre\"}]},{\"@type\":\"WebSite\",\"@id\":\"https:\/\/blog10.csmac-ngo.org\/#website\",\"url\":\"https:\/\/blog10.csmac-ngo.org\/\",\"name\":\"V\u00e9lo &amp; Territoire\",\"description\":\"Randonn\u00e9es et \u00e9v\u00e9nements cyclistes en Mayenne\",\"potentialAction\":[{\"@type\":\"SearchAction\",\"target\":{\"@type\":\"EntryPoint\",\"urlTemplate\":\"https:\/\/blog10.csmac-ngo.org\/?s={search_term_string}\"},\"query-input\":{\"@type\":\"PropertyValueSpecification\",\"valueRequired\":true,\"valueName\":\"search_term_string\"}}],\"inLanguage\":\"fr-FR\"}]}<\/script>\n<!-- \/ Yoast SEO plugin. -->","yoast_head_json":{"title":"Nous rejoindre - V\u00e9lo &amp; Territoire","robots":{"index":"index","follow":"follow","max-snippet":"max-snippet:-1","max-image-preview":"max-image-preview:large","max-video-preview":"max-video-preview:-1"},"canonical":"https:\/\/blog10.csmac-ngo.org\/?page_id=24","og_locale":"fr_FR","og_type":"article","og_title":"Nous rejoindre - V\u00e9lo &amp; Territoire","og_description":"Restez inform\u00e9s de nos \u00e9v\u00e9nements","og_url":"https:\/\/blog10.csmac-ngo.org\/?page_id=24","og_site_name":"V\u00e9lo &amp; Territoire","article_modified_time":"2026-03-25T14:41:06+00:00","twitter_card":"summary_large_image","twitter_misc":{"Dur\u00e9e de lecture estim\u00e9e":"1 minute"},"schema":{"@context":"https:\/\/schema.org","@graph":[{"@type":"WebPage","@id":"https:\/\/blog10.csmac-ngo.org\/?page_id=24","url":"https:\/\/blog10.csmac-ngo.org\/?page_id=24","name":"Nous rejoindre - V\u00e9lo &amp; Territoire","isPartOf":{"@id":"https:\/\/blog10.csmac-ngo.org\/#website"},"datePublished":"2026-03-25T13:11:00+00:00","dateModified":"2026-03-25T14:41:06+00:00","breadcrumb":{"@id":"https:\/\/blog10.csmac-ngo.org\/?page_id=24#breadcrumb"},"inLanguage":"fr-FR","potentialAction":[{"@type":"ReadAction","target":["https:\/\/blog10.csmac-ngo.org\/?page_id=24"]}]},{"@type":"BreadcrumbList","@id":"https:\/\/blog10.csmac-ngo.org\/?page_id=24#breadcrumb","itemListElement":[{"@type":"ListItem","position":1,"name":"Accueil","item":"https:\/\/blog10.csmac-ngo.org\/"},{"@type":"ListItem","position":2,"name":"Nous rejoindre"}]},{"@type":"WebSite","@id":"https:\/\/blog10.csmac-ngo.org\/#website","url":"https:\/\/blog10.csmac-ngo.org\/","name":"V\u00e9lo &amp; Territoire","description":"Randonn\u00e9es et \u00e9v\u00e9nements cyclistes en Mayenne","potentialAction":[{"@type":"SearchAction","target":{"@type":"EntryPoint","urlTemplate":"https:\/\/blog10.csmac-ngo.org\/?s={search_term_string}"},"query-input":{"@type":"PropertyValueSpecification","valueRequired":true,"valueName":"search_term_string"}}],"inLanguage":"fr-FR"}]}},"uagb_featured_image_src":{"full":false,"thumbnail":false,"medium":false,"medium_large":false,"large":false,"1536x1536":false,"2048x2048":false},"uagb_author_info":{"display_name":"Arthur","author_link":"https:\/\/blog10.csmac-ngo.org\/?author=1"},"uagb_comment_info":0,"uagb_excerpt":"Restez inform\u00e9s de nos \u00e9v\u00e9nements","_links":{"self":[{"href":"https:\/\/blog10.csmac-ngo.org\/index.php?rest_route=\/wp\/v2\/pages\/24","targetHints":{"allow":["GET"]}}],"collection":[{"href":"https:\/\/blog10.csmac-ngo.org\/index.php?rest_route=\/wp\/v2\/pages"}],"about":[{"href":"https:\/\/blog10.csmac-ngo.org\/index.php?rest_route=\/wp\/v2\/types\/page"}],"author":[{"embeddable":true,"href":"https:\/\/blog10.csmac-ngo.org\/index.php?rest_route=\/wp\/v2\/users\/1"}],"replies":[{"embeddable":true,"href":"https:\/\/blog10.csmac-ngo.org\/index.php?rest_route=%2Fwp%2Fv2%2Fcomments&post=24"}],"version-history":[{"count":2,"href":"https:\/\/blog10.csmac-ngo.org\/index.php?rest_route=\/wp\/v2\/pages\/24\/revisions"}],"predecessor-version":[{"id":70,"href":"https:\/\/blog10.csmac-ngo.org\/index.php?rest_route=\/wp\/v2\/pages\/24\/revisions\/70"}],"wp:attachment":[{"href":"https:\/\/blog10.csmac-ngo.org\/index.php?rest_route=%2Fwp%2Fv2%2Fmedia&parent=24"}],"curies":[{"name":"wp","href":"https:\/\/api.w.org\/{rel}","templated":true}]}}