{"id":20,"date":"2026-03-25T14:09:08","date_gmt":"2026-03-25T13:09:08","guid":{"rendered":"https:\/\/blog10.csmac-ngo.org\/?page_id=20"},"modified":"2026-03-25T15:40:02","modified_gmt":"2026-03-25T14:40:02","slug":"accueil","status":"publish","type":"page","link":"https:\/\/blog10.csmac-ngo.org\/","title":{"rendered":"Accueil"},"content":{"rendered":"\t\t\t\t\t<div\n\t\t\t\t\t\tclass=\"wp-block-uagb-image-gallery uagb-block-a19f76eb     \"\n\t\t\t\t\t\tstyle=\"\"\n\t\t\t\t\t>\n\t\t\t\t\t\t\t\t\t\t\t<div class=\"spectra-image-gallery spectra-image-gallery__layout--grid spectra-image-gallery__layout--grid-col-2 spectra-image-gallery__layout--grid-col-tab-3 spectra-image-gallery__layout--grid-col-mob-2\">\n\t\t\t\t\t\t\t\t\t\t\t<div class='spectra-image-gallery__media-wrapper' data-spectra-gallery-image-id='52' tabindex=\"0\">\n\t\t\t\t\t\t\t<div class=\"spectra-image-gallery__media spectra-image-gallery__media--grid\">\n\t\t\t\t<picture>\n\t\t\t\t\t<source media=\"(min-width: 1024px)\" srcset=\"https:\/\/blog10.csmac-ngo.org\/wp-content\/uploads\/2026\/03\/Exo1-galerie-accueil-photo-4-1024x683.jpg\">\n\t\t\t\t\t<source media=\"(min-width: 768px)\" srcset=\"https:\/\/blog10.csmac-ngo.org\/wp-content\/uploads\/2026\/03\/Exo1-galerie-accueil-photo-4-1024x683.jpg\">\n\t\t\t\t\t<img decoding=\"async\" class=\"spectra-image-gallery__media-thumbnail spectra-image-gallery__media-thumbnail--grid\" src=\"https:\/\/blog10.csmac-ngo.org\/wp-content\/uploads\/2026\/03\/Exo1-galerie-accueil-photo-4-300x200.jpg\" alt=\"\" loading=\"lazy\" \/>\n\t\t\t\t<\/picture>\n\t\t\t\t<div class=\"spectra-image-gallery__media-thumbnail-blurrer\"><\/div>\n\t\t\t\t\t\t\t\t\t\t\t<div class=\"spectra-image-gallery__media-thumbnail-caption-wrapper spectra-image-gallery__media-thumbnail-caption-wrapper--overlay\">\n\t\t\t\t\t\t\t\t\t\t\t<div class=\"spectra-image-gallery__media-thumbnail-caption spectra-image-gallery__media-thumbnail-caption--overlay\">\n\t\t\t\t\tAucune l\u00e9gende\t\t\t\t<\/div>\n\t\t\t\t\t\t\t\t\t\t<\/div>\n\t\t\t\t\t\t\t\t\t<\/div>\n\t\t\t\t\t\t<\/div>\n\t\t\t\t\t\t<div class='spectra-image-gallery__media-wrapper' data-spectra-gallery-image-id='49' tabindex=\"0\">\n\t\t\t\t\t\t\t<div class=\"spectra-image-gallery__media spectra-image-gallery__media--grid\">\n\t\t\t\t<picture>\n\t\t\t\t\t<source media=\"(min-width: 1024px)\" srcset=\"https:\/\/blog10.csmac-ngo.org\/wp-content\/uploads\/2026\/03\/Exo1-galerie-photo-3-1024x683.jpg\">\n\t\t\t\t\t<source media=\"(min-width: 768px)\" srcset=\"https:\/\/blog10.csmac-ngo.org\/wp-content\/uploads\/2026\/03\/Exo1-galerie-photo-3-1024x683.jpg\">\n\t\t\t\t\t<img decoding=\"async\" class=\"spectra-image-gallery__media-thumbnail spectra-image-gallery__media-thumbnail--grid\" src=\"https:\/\/blog10.csmac-ngo.org\/wp-content\/uploads\/2026\/03\/Exo1-galerie-photo-3-300x200.jpg\" alt=\"\" loading=\"lazy\" \/>\n\t\t\t\t<\/picture>\n\t\t\t\t<div class=\"spectra-image-gallery__media-thumbnail-blurrer\"><\/div>\n\t\t\t\t\t\t\t\t\t\t\t<div class=\"spectra-image-gallery__media-thumbnail-caption-wrapper spectra-image-gallery__media-thumbnail-caption-wrapper--overlay\">\n\t\t\t\t\t\t\t\t\t\t\t<div class=\"spectra-image-gallery__media-thumbnail-caption spectra-image-gallery__media-thumbnail-caption--overlay\">\n\t\t\t\t\tAucune l\u00e9gende\t\t\t\t<\/div>\n\t\t\t\t\t\t\t\t\t\t<\/div>\n\t\t\t\t\t\t\t\t\t<\/div>\n\t\t\t\t\t\t<\/div>\n\t\t\t\t\t\t<div class='spectra-image-gallery__media-wrapper' data-spectra-gallery-image-id='50' tabindex=\"0\">\n\t\t\t\t\t\t\t<div class=\"spectra-image-gallery__media spectra-image-gallery__media--grid\">\n\t\t\t\t<picture>\n\t\t\t\t\t<source media=\"(min-width: 1024px)\" srcset=\"https:\/\/blog10.csmac-ngo.org\/wp-content\/uploads\/2026\/03\/Exo1-galerie-photo-2-1024x683.jpg\">\n\t\t\t\t\t<source media=\"(min-width: 768px)\" srcset=\"https:\/\/blog10.csmac-ngo.org\/wp-content\/uploads\/2026\/03\/Exo1-galerie-photo-2-1024x683.jpg\">\n\t\t\t\t\t<img decoding=\"async\" class=\"spectra-image-gallery__media-thumbnail spectra-image-gallery__media-thumbnail--grid\" src=\"https:\/\/blog10.csmac-ngo.org\/wp-content\/uploads\/2026\/03\/Exo1-galerie-photo-2-300x200.jpg\" alt=\"\" loading=\"lazy\" \/>\n\t\t\t\t<\/picture>\n\t\t\t\t<div class=\"spectra-image-gallery__media-thumbnail-blurrer\"><\/div>\n\t\t\t\t\t\t\t\t\t\t\t<div class=\"spectra-image-gallery__media-thumbnail-caption-wrapper spectra-image-gallery__media-thumbnail-caption-wrapper--overlay\">\n\t\t\t\t\t\t\t\t\t\t\t<div class=\"spectra-image-gallery__media-thumbnail-caption spectra-image-gallery__media-thumbnail-caption--overlay\">\n\t\t\t\t\tAucune l\u00e9gende\t\t\t\t<\/div>\n\t\t\t\t\t\t\t\t\t\t<\/div>\n\t\t\t\t\t\t\t\t\t<\/div>\n\t\t\t\t\t\t<\/div>\n\t\t\t\t\t\t<div class='spectra-image-gallery__media-wrapper' data-spectra-gallery-image-id='54' tabindex=\"0\">\n\t\t\t\t\t\t\t<div class=\"spectra-image-gallery__media spectra-image-gallery__media--grid\">\n\t\t\t\t<picture>\n\t\t\t\t\t<source media=\"(min-width: 1024px)\" srcset=\"https:\/\/blog10.csmac-ngo.org\/wp-content\/uploads\/2026\/03\/Exo1-galerie-photo-1-1024x685.jpg\">\n\t\t\t\t\t<source media=\"(min-width: 768px)\" srcset=\"https:\/\/blog10.csmac-ngo.org\/wp-content\/uploads\/2026\/03\/Exo1-galerie-photo-1-1024x685.jpg\">\n\t\t\t\t\t<img decoding=\"async\" class=\"spectra-image-gallery__media-thumbnail spectra-image-gallery__media-thumbnail--grid\" src=\"https:\/\/blog10.csmac-ngo.org\/wp-content\/uploads\/2026\/03\/Exo1-galerie-photo-1-300x201.jpg\" alt=\"\" loading=\"lazy\" \/>\n\t\t\t\t<\/picture>\n\t\t\t\t<div class=\"spectra-image-gallery__media-thumbnail-blurrer\"><\/div>\n\t\t\t\t\t\t\t\t\t\t\t<div class=\"spectra-image-gallery__media-thumbnail-caption-wrapper spectra-image-gallery__media-thumbnail-caption-wrapper--overlay\">\n\t\t\t\t\t\t\t\t\t\t\t<div class=\"spectra-image-gallery__media-thumbnail-caption spectra-image-gallery__media-thumbnail-caption--overlay\">\n\t\t\t\t\tAucune l\u00e9gende\t\t\t\t<\/div>\n\t\t\t\t\t\t\t\t\t\t<\/div>\n\t\t\t\t\t\t\t\t\t<\/div>\n\t\t\t\t\t\t<\/div>\n\t\t\t\t\t\t\t\t\t\t<\/div>\n\t\t\t\t\t\t\t\t\t\t\t\t\t\t\t\t\t\t<\/div>\n\t\t\t\t\t\t\t\t\t\n\n\n<div class=\"wp-block-uagb-countdown uagb-block-78d9361b\"><div class=\"wp-block-uagb-countdown__box wp-block-uagb-countdown__box-days\"><div role=\"timer\" aria-live=\"off\" class=\"wp-block-uagb-countdown__time wp-block-uagb-countdown__time-days\">&#8211;<\/div><div class=\"wp-block-uagb-countdown__label\">DAYS<\/div><\/div><div class=\"wp-block-uagb-countdown__box wp-block-uagb-countdown__box-hours\"><div role=\"timer\" aria-live=\"off\" class=\"wp-block-uagb-countdown__time wp-block-uagb-countdown__time-hours\">&#8211;<\/div><div class=\"wp-block-uagb-countdown__label\">HOURS<\/div><\/div><div class=\"wp-block-uagb-countdown__box wp-block-uagb-countdown__box-minutes\"><div role=\"timer\" aria-live=\"off\" class=\"wp-block-uagb-countdown__time wp-block-uagb-countdown__time-minutes\">&#8211;<\/div><div class=\"wp-block-uagb-countdown__label\">MINUTES<\/div><\/div><div class=\"wp-block-uagb-countdown__box wp-block-uagb-countdown__box-seconds\"><div role=\"timer\" aria-live=\"off\" class=\"wp-block-uagb-countdown__time wp-block-uagb-countdown__time-seconds\">&#8211;<\/div><div class=\"wp-block-uagb-countdown__label\">SECONDS<\/div><\/div><\/div>\n\n\n\n<p><\/p>\n","protected":false},"excerpt":{"rendered":"","protected":false},"author":1,"featured_media":0,"parent":0,"menu_order":0,"comment_status":"closed","ping_status":"closed","template":"","meta":{"_uag_custom_page_level_css":"","site-sidebar-layout":"default","site-content-layout":"","ast-site-content-layout":"default","site-content-style":"default","site-sidebar-style":"default","ast-global-header-display":"","ast-banner-title-visibility":"","ast-main-header-display":"","ast-hfb-above-header-display":"","ast-hfb-below-header-display":"","ast-hfb-mobile-header-display":"","site-post-title":"","ast-breadcrumbs-content":"","ast-featured-img":"","footer-sml-layout":"","ast-disable-related-posts":"","theme-transparent-header-meta":"","adv-header-id-meta":"","stick-header-meta":"","header-above-stick-meta":"","header-main-stick-meta":"","header-below-stick-meta":"","astra-migrate-meta-layouts":"default","ast-page-background-enabled":"default","ast-page-background-meta":{"desktop":{"background-color":"var(--ast-global-color-5)","background-image":"","background-repeat":"repeat","background-position":"center center","background-size":"auto","background-attachment":"scroll","background-type":"","background-media":"","overlay-type":"","overlay-color":"","overlay-opacity":"","overlay-gradient":""},"tablet":{"background-color":"","background-image":"","background-repeat":"repeat","background-position":"center center","background-size":"auto","background-attachment":"scroll","background-type":"","background-media":"","overlay-type":"","overlay-color":"","overlay-opacity":"","overlay-gradient":""},"mobile":{"background-color":"","background-image":"","background-repeat":"repeat","background-position":"center center","background-size":"auto","background-attachment":"scroll","background-type":"","background-media":"","overlay-type":"","overlay-color":"","overlay-opacity":"","overlay-gradient":""}},"ast-content-background-meta":{"desktop":{"background-color":"var(--ast-global-color-4)","background-image":"","background-repeat":"repeat","background-position":"center center","background-size":"auto","background-attachment":"scroll","background-type":"","background-media":"","overlay-type":"","overlay-color":"","overlay-opacity":"","overlay-gradient":""},"tablet":{"background-color":"var(--ast-global-color-4)","background-image":"","background-repeat":"repeat","background-position":"center center","background-size":"auto","background-attachment":"scroll","background-type":"","background-media":"","overlay-type":"","overlay-color":"","overlay-opacity":"","overlay-gradient":""},"mobile":{"background-color":"var(--ast-global-color-4)","background-image":"","background-repeat":"repeat","background-position":"center center","background-size":"auto","background-attachment":"scroll","background-type":"","background-media":"","overlay-type":"","overlay-color":"","overlay-opacity":"","overlay-gradient":""}},"footnotes":""},"class_list":["post-20","page","type-page","status-publish","hentry"],"yoast_head":"<!-- This site is optimized with the Yoast SEO plugin v26.8 - https:\/\/yoast.com\/product\/yoast-seo-wordpress\/ -->\n<title>Accueil - V\u00e9lo &amp; Territoire<\/title>\n<meta name=\"robots\" content=\"index, follow, max-snippet:-1, max-image-preview:large, max-video-preview:-1\" \/>\n<link rel=\"canonical\" href=\"https:\/\/blog10.csmac-ngo.org\/\" \/>\n<meta property=\"og:locale\" content=\"fr_FR\" \/>\n<meta property=\"og:type\" content=\"article\" \/>\n<meta property=\"og:title\" content=\"Accueil - V\u00e9lo &amp; Territoire\" \/>\n<meta property=\"og:url\" content=\"https:\/\/blog10.csmac-ngo.org\/\" \/>\n<meta property=\"og:site_name\" content=\"V\u00e9lo &amp; Territoire\" \/>\n<meta property=\"article:modified_time\" content=\"2026-03-25T14:40:02+00:00\" \/>\n<meta name=\"twitter:card\" content=\"summary_large_image\" \/>\n<meta name=\"twitter:label1\" content=\"Dur\u00e9e de lecture estim\u00e9e\" \/>\n\t<meta name=\"twitter:data1\" content=\"1 minute\" \/>\n<script type=\"application\/ld+json\" class=\"yoast-schema-graph\">{\"@context\":\"https:\/\/schema.org\",\"@graph\":[{\"@type\":\"WebPage\",\"@id\":\"https:\/\/blog10.csmac-ngo.org\/\",\"url\":\"https:\/\/blog10.csmac-ngo.org\/\",\"name\":\"Accueil - V\u00e9lo &amp; Territoire\",\"isPartOf\":{\"@id\":\"https:\/\/blog10.csmac-ngo.org\/#website\"},\"datePublished\":\"2026-03-25T13:09:08+00:00\",\"dateModified\":\"2026-03-25T14:40:02+00:00\",\"breadcrumb\":{\"@id\":\"https:\/\/blog10.csmac-ngo.org\/#breadcrumb\"},\"inLanguage\":\"fr-FR\",\"potentialAction\":[{\"@type\":\"ReadAction\",\"target\":[\"https:\/\/blog10.csmac-ngo.org\/\"]}]},{\"@type\":\"BreadcrumbList\",\"@id\":\"https:\/\/blog10.csmac-ngo.org\/#breadcrumb\",\"itemListElement\":[{\"@type\":\"ListItem\",\"position\":1,\"name\":\"Accueil\",\"item\":\"https:\/\/blog10.csmac-ngo.org\/\"},{\"@type\":\"ListItem\",\"position\":2,\"name\":\"Accueil\"}]},{\"@type\":\"WebSite\",\"@id\":\"https:\/\/blog10.csmac-ngo.org\/#website\",\"url\":\"https:\/\/blog10.csmac-ngo.org\/\",\"name\":\"V\u00e9lo &amp; Territoire\",\"description\":\"Randonn\u00e9es et \u00e9v\u00e9nements cyclistes en Mayenne\",\"potentialAction\":[{\"@type\":\"SearchAction\",\"target\":{\"@type\":\"EntryPoint\",\"urlTemplate\":\"https:\/\/blog10.csmac-ngo.org\/?s={search_term_string}\"},\"query-input\":{\"@type\":\"PropertyValueSpecification\",\"valueRequired\":true,\"valueName\":\"search_term_string\"}}],\"inLanguage\":\"fr-FR\"}]}<\/script>\n<!-- \/ Yoast SEO plugin. -->","yoast_head_json":{"title":"Accueil - V\u00e9lo &amp; Territoire","robots":{"index":"index","follow":"follow","max-snippet":"max-snippet:-1","max-image-preview":"max-image-preview:large","max-video-preview":"max-video-preview:-1"},"canonical":"https:\/\/blog10.csmac-ngo.org\/","og_locale":"fr_FR","og_type":"article","og_title":"Accueil - V\u00e9lo &amp; Territoire","og_url":"https:\/\/blog10.csmac-ngo.org\/","og_site_name":"V\u00e9lo &amp; Territoire","article_modified_time":"2026-03-25T14:40:02+00:00","twitter_card":"summary_large_image","twitter_misc":{"Dur\u00e9e de lecture estim\u00e9e":"1 minute"},"schema":{"@context":"https:\/\/schema.org","@graph":[{"@type":"WebPage","@id":"https:\/\/blog10.csmac-ngo.org\/","url":"https:\/\/blog10.csmac-ngo.org\/","name":"Accueil - V\u00e9lo &amp; Territoire","isPartOf":{"@id":"https:\/\/blog10.csmac-ngo.org\/#website"},"datePublished":"2026-03-25T13:09:08+00:00","dateModified":"2026-03-25T14:40:02+00:00","breadcrumb":{"@id":"https:\/\/blog10.csmac-ngo.org\/#breadcrumb"},"inLanguage":"fr-FR","potentialAction":[{"@type":"ReadAction","target":["https:\/\/blog10.csmac-ngo.org\/"]}]},{"@type":"BreadcrumbList","@id":"https:\/\/blog10.csmac-ngo.org\/#breadcrumb","itemListElement":[{"@type":"ListItem","position":1,"name":"Accueil","item":"https:\/\/blog10.csmac-ngo.org\/"},{"@type":"ListItem","position":2,"name":"Accueil"}]},{"@type":"WebSite","@id":"https:\/\/blog10.csmac-ngo.org\/#website","url":"https:\/\/blog10.csmac-ngo.org\/","name":"V\u00e9lo &amp; Territoire","description":"Randonn\u00e9es et \u00e9v\u00e9nements cyclistes en Mayenne","potentialAction":[{"@type":"SearchAction","target":{"@type":"EntryPoint","urlTemplate":"https:\/\/blog10.csmac-ngo.org\/?s={search_term_string}"},"query-input":{"@type":"PropertyValueSpecification","valueRequired":true,"valueName":"search_term_string"}}],"inLanguage":"fr-FR"}]}},"uagb_featured_image_src":{"full":false,"thumbnail":false,"medium":false,"medium_large":false,"large":false,"1536x1536":false,"2048x2048":false},"uagb_author_info":{"display_name":"Arthur","author_link":"https:\/\/blog10.csmac-ngo.org\/?author=1"},"uagb_comment_info":0,"uagb_excerpt":null,"_links":{"self":[{"href":"https:\/\/blog10.csmac-ngo.org\/index.php?rest_route=\/wp\/v2\/pages\/20","targetHints":{"allow":["GET"]}}],"collection":[{"href":"https:\/\/blog10.csmac-ngo.org\/index.php?rest_route=\/wp\/v2\/pages"}],"about":[{"href":"https:\/\/blog10.csmac-ngo.org\/index.php?rest_route=\/wp\/v2\/types\/page"}],"author":[{"embeddable":true,"href":"https:\/\/blog10.csmac-ngo.org\/index.php?rest_route=\/wp\/v2\/users\/1"}],"replies":[{"embeddable":true,"href":"https:\/\/blog10.csmac-ngo.org\/index.php?rest_route=%2Fwp%2Fv2%2Fcomments&post=20"}],"version-history":[{"count":7,"href":"https:\/\/blog10.csmac-ngo.org\/index.php?rest_route=\/wp\/v2\/pages\/20\/revisions"}],"predecessor-version":[{"id":69,"href":"https:\/\/blog10.csmac-ngo.org\/index.php?rest_route=\/wp\/v2\/pages\/20\/revisions\/69"}],"wp:attachment":[{"href":"https:\/\/blog10.csmac-ngo.org\/index.php?rest_route=%2Fwp%2Fv2%2Fmedia&parent=20"}],"curies":[{"name":"wp","href":"https:\/\/api.w.org\/{rel}","templated":true}]}}